{"id":221,"date":"2024-03-19T17:50:56","date_gmt":"2024-03-19T17:50:56","guid":{"rendered":"http:\/\/ing-buero-doehrer.de\/?page_id=221"},"modified":"2024-03-20T10:05:23","modified_gmt":"2024-03-20T10:05:23","slug":"historie","status":"publish","type":"page","link":"https:\/\/ing-buero-doehrer.de\/?page_id=221","title":{"rendered":"Historie"},"content":{"rendered":"\n<p class=\"has-medium-font-size\">Seit mehr als 20 Jahren besch\u00e4ftige ich mich mit dem Themengebiet der industriellen Teilereinigung.<\/p>\n\n\n<div class=\"wp-block-image is-style-default\">\n<figure class=\"alignright size-full is-resized\"><img loading=\"lazy\" decoding=\"async\" width=\"232\" height=\"239\" src=\"http:\/\/ing-buero-doehrer.de\/wp-content\/uploads\/2024\/03\/KD-4.jpg\" alt=\"\" class=\"wp-image-326\" style=\"width:214px;height:auto\"\/><\/figure><\/div>\n\n\n<p class=\"has-text-align-left has-medium-font-size\">Aufgrund verschiedener Anfragen aus der Industrie habe ich es mir zum Ziel gesetzt, eine umweltfreundliche, kosteng\u00fcnstige und effektive Teilereinigungsmethode f\u00fcr verschiedene Anwendungen zu entwickeln und der Industrie als Alternative zu den herk\u00f6mmlichen Reinigungsmethoden anzubieten. <\/p>\n\n\n\n<p class=\"has-medium-font-size\">1999 erfolgte die Patentierung des Vibrationsreinigungs-Verfahrens. Weitere Patentanmeldungen folgten. <\/p>\n\n\n\n<p class=\"has-medium-font-size\">Das von mir entwickelte Trockenreinigungsverfahren fand und findet in der Fachwelt gro\u00dfe Beachtung. Wir erhielten verschiedene Auszeichnungen.<\/p>\n\n\n\n<p class=\"has-medium-font-size\">Die gr\u00f6\u00dfte Auszeichnung ist jedoch das Vertrauen und die Zufriedenheit unserer Kunden.<\/p>\n","protected":false},"excerpt":{"rendered":"<p>Seit mehr als 20 Jahren besch\u00e4ftige ich mich mit dem Themengebiet der industriellen Teilereinigung. Aufgrund verschiedener Anfragen aus der Industrie habe ich es mir zum Ziel gesetzt, eine umweltfreundliche, kosteng\u00fcnstige und effektive Teilereinigungsmethode f\u00fcr verschiedene Anwendungen zu entwickeln und der Industrie als Alternative zu den herk\u00f6mmlichen Reinigungsmethoden anzubieten. 1999 erfolgte die Patentierung des Vibrationsreinigungs-Verfahrens. Weitere<\/p><\/div>\n<div class=\"blog-btn\"><a href=\"https:\/\/ing-buero-doehrer.de\/?page_id=221\" class=\"home-blog-btn\">Weiterlesen<\/a><\/p>\n","protected":false},"author":2,"featured_media":0,"parent":0,"menu_order":0,"comment_status":"closed","ping_status":"closed","template":"","meta":{"footnotes":""},"_links":{"self":[{"href":"https:\/\/ing-buero-doehrer.de\/index.php?rest_route=\/wp\/v2\/pages\/221"}],"collection":[{"href":"https:\/\/ing-buero-doehrer.de\/index.php?rest_route=\/wp\/v2\/pages"}],"about":[{"href":"https:\/\/ing-buero-doehrer.de\/index.php?rest_route=\/wp\/v2\/types\/page"}],"author":[{"embeddable":true,"href":"https:\/\/ing-buero-doehrer.de\/index.php?rest_route=\/wp\/v2\/users\/2"}],"replies":[{"embeddable":true,"href":"https:\/\/ing-buero-doehrer.de\/index.php?rest_route=%2Fwp%2Fv2%2Fcomments&post=221"}],"version-history":[{"count":10,"href":"https:\/\/ing-buero-doehrer.de\/index.php?rest_route=\/wp\/v2\/pages\/221\/revisions"}],"predecessor-version":[{"id":367,"href":"https:\/\/ing-buero-doehrer.de\/index.php?rest_route=\/wp\/v2\/pages\/221\/revisions\/367"}],"wp:attachment":[{"href":"https:\/\/ing-buero-doehrer.de\/index.php?rest_route=%2Fwp%2Fv2%2Fmedia&parent=221"}],"curies":[{"name":"wp","href":"https:\/\/api.w.org\/{rel}","templated":true}]}}