{"id":228,"date":"2024-03-19T17:40:01","date_gmt":"2024-03-19T17:40:01","guid":{"rendered":"http:\/\/ing-buero-doehrer.de\/?page_id=228"},"modified":"2024-03-19T20:10:11","modified_gmt":"2024-03-19T20:10:11","slug":"industrielle-trockenreinigung-von-bauteilen","status":"publish","type":"page","link":"https:\/\/ing-buero-doehrer.de\/","title":{"rendered":"Industrielle Trockenreinigung von Bauteilen"},"content":{"rendered":"\n<p class=\"has-text-align-center has-vivid-red-color has-text-color has-link-color wp-elements-62fce7d3b37ff90050bbfe209f2a20aa\" style=\"font-size:28px\"><strong>Industrielle Trockenreinigung von Bauteilen<\/strong><\/p>\n\n\n\n<p><\/p>\n\n\n\n<div class=\"wp-block-cover aligncenter has-custom-content-position is-position-bottom-center\" style=\"min-height:430px\"><span aria-hidden=\"true\" class=\"wp-block-cover__background has-background-dim-40 has-background-dim\"><\/span><img loading=\"lazy\" decoding=\"async\" width=\"1024\" height=\"768\" class=\"wp-block-cover__image-background wp-image-231\" alt=\"\" src=\"http:\/\/ing-buero-doehrer.de\/wp-content\/uploads\/2024\/03\/Rundkopf-Rentropmasch.-2-1024x768.jpg\" style=\"object-position:78% 15%\" data-object-fit=\"cover\" data-object-position=\"78% 15%\" srcset=\"https:\/\/ing-buero-doehrer.de\/wp-content\/uploads\/2024\/03\/Rundkopf-Rentropmasch.-2-1024x768.jpg 1024w, https:\/\/ing-buero-doehrer.de\/wp-content\/uploads\/2024\/03\/Rundkopf-Rentropmasch.-2-300x225.jpg 300w, https:\/\/ing-buero-doehrer.de\/wp-content\/uploads\/2024\/03\/Rundkopf-Rentropmasch.-2-768x576.jpg 768w, https:\/\/ing-buero-doehrer.de\/wp-content\/uploads\/2024\/03\/Rundkopf-Rentropmasch.-2-1536x1152.jpg 1536w, https:\/\/ing-buero-doehrer.de\/wp-content\/uploads\/2024\/03\/Rundkopf-Rentropmasch.-2-2048x1536.jpg 2048w\" sizes=\"(max-width: 1024px) 100vw, 1024px\" \/><div class=\"wp-block-cover__inner-container is-layout-flow wp-block-cover-is-layout-flow\">\n<p class=\"has-text-align-center has-medium-font-size\"><strong>wirtschaftlich .. umweltfreundlich .. sauber<\/strong><\/p>\n\n\n\n<p class=\"has-text-align-center has-medium-font-size\"><strong>ohne L\u00f6sungsmittel .. ohne Pressluft<\/strong><\/p>\n\n\n\n<p class=\"has-text-align-center has-medium-font-size\"> <strong>beste Reinigungsergebnisse <\/strong><\/p>\n<\/div><\/div>\n\n\n\n<p class=\"has-vivid-cyan-blue-color has-text-color has-link-color has-medium-font-size wp-elements-72dfe31f4c9585019b0c9c6c8871e9d0\">                                                 <strong>Vakuum-Blas-Saugverfahren<\/strong><\/p>\n\n\n\n<p class=\"has-vivid-cyan-blue-color has-text-color has-link-color has-medium-font-size wp-elements-6d09f28595b05232b576c416a69b05c1\">                                                  <strong>Vibrations-Trockenreinigung<\/strong><\/p>\n\n\n\n<p>Die Verfahren sind \u00fcberall dort anwendbar, wo Bauteile aus <strong>Metall, Kunststoff etc<\/strong>. trocken <strong>vor-<\/strong> und <strong>zwischengereinigt<\/strong> &nbsp;werden m\u00fcssen und die Aufgabe das Abreinigen von K\u00fchlschmierstoffen, Sp\u00e4nen und Schmutzpartikeln umfasst.&nbsp; Sie heben sich durch eine gute Reinigungsqualit\u00e4t, hohe Umweltvertr\u00e4glichkeit, geringen Energiebedarf und einfache Prozessintegration ab.<\/p>\n\n\n\n<p>  <\/p>\n","protected":false},"excerpt":{"rendered":"<p>Industrielle Trockenreinigung von Bauteilen Vakuum-Blas-Saugverfahren Vibrations-Trockenreinigung Die Verfahren sind \u00fcberall dort anwendbar, wo Bauteile aus Metall, Kunststoff etc. trocken vor- und zwischengereinigt &nbsp;werden m\u00fcssen und die Aufgabe das Abreinigen von K\u00fchlschmierstoffen, Sp\u00e4nen und Schmutzpartikeln umfasst.&nbsp; Sie heben sich durch eine gute Reinigungsqualit\u00e4t, hohe Umweltvertr\u00e4glichkeit, geringen Energiebedarf und einfache Prozessintegration ab.<\/p>\n","protected":false},"author":2,"featured_media":0,"parent":0,"menu_order":0,"comment_status":"closed","ping_status":"closed","template":"","meta":{"footnotes":""},"_links":{"self":[{"href":"https:\/\/ing-buero-doehrer.de\/index.php?rest_route=\/wp\/v2\/pages\/228"}],"collection":[{"href":"https:\/\/ing-buero-doehrer.de\/index.php?rest_route=\/wp\/v2\/pages"}],"about":[{"href":"https:\/\/ing-buero-doehrer.de\/index.php?rest_route=\/wp\/v2\/types\/page"}],"author":[{"embeddable":true,"href":"https:\/\/ing-buero-doehrer.de\/index.php?rest_route=\/wp\/v2\/users\/2"}],"replies":[{"embeddable":true,"href":"https:\/\/ing-buero-doehrer.de\/index.php?rest_route=%2Fwp%2Fv2%2Fcomments&post=228"}],"version-history":[{"count":15,"href":"https:\/\/ing-buero-doehrer.de\/index.php?rest_route=\/wp\/v2\/pages\/228\/revisions"}],"predecessor-version":[{"id":364,"href":"https:\/\/ing-buero-doehrer.de\/index.php?rest_route=\/wp\/v2\/pages\/228\/revisions\/364"}],"wp:attachment":[{"href":"https:\/\/ing-buero-doehrer.de\/index.php?rest_route=%2Fwp%2Fv2%2Fmedia&parent=228"}],"curies":[{"name":"wp","href":"https:\/\/api.w.org\/{rel}","templated":true}]}}