{"id":245,"date":"2024-03-19T17:51:56","date_gmt":"2024-03-19T17:51:56","guid":{"rendered":"http:\/\/ing-buero-doehrer.de\/?page_id=245"},"modified":"2024-03-19T17:51:56","modified_gmt":"2024-03-19T17:51:56","slug":"das-prinzip-der-vibrationsreinigung","status":"publish","type":"page","link":"https:\/\/ing-buero-doehrer.de\/?page_id=245","title":{"rendered":"Das Prinzip der Vibrationsreinigung"},"content":{"rendered":"\n<p class=\"has-medium-font-size\">\u00d6le, K\u00fchlschmierstoffe, Sp\u00e4ne und sonstige Verunreinigungen von industriell gefertigten Teilen werden h\u00e4ufig immer noch mit chemischen Reingiungsmitteln gewaschen oder mit Pressluft abgeblasen. Diese, aber auch andere alternative Verfahren, erfordern einen sehr hohen Einsatz von Energie, Wasser, L\u00f6sungsmitteln und Filtereinrichtungen und verursachen eine hohe Umweltbelastung. <\/p>\n\n\n\n<p class=\"has-medium-font-size\">Mit Hilfe von Schwingungen in einem vorbestimmten Frequenzbereich werden die Anhaftungskr\u00e4fte von K\u00fchlschmierstoffen, Sp\u00e4nen und Partikeln gel\u00f6st. Sie werden abgesch\u00fcttelt, dabei abgesaugt und unbelastet in den Produktionszyklus zur\u00fcckgef\u00fchrt. Chemische Reinigungsstoffe kommen nicht zum Einsatz. <\/p>\n\n\n\n<p class=\"has-small-font-size\"><\/p>\n\n\n\n<div class=\"wp-block-cover\" style=\"min-height:639px\"><span aria-hidden=\"true\" class=\"wp-block-cover__background has-background-dim\"><\/span><img loading=\"lazy\" decoding=\"async\" width=\"1024\" height=\"683\" class=\"wp-block-cover__image-background wp-image-246\" alt=\"\" src=\"http:\/\/ing-buero-doehrer.de\/wp-content\/uploads\/2024\/03\/Schuettelnder-Hund-1024x683.jpg\" style=\"object-position:0% 32%\" data-object-fit=\"cover\" data-object-position=\"0% 32%\" srcset=\"https:\/\/ing-buero-doehrer.de\/wp-content\/uploads\/2024\/03\/Schuettelnder-Hund-1024x683.jpg 1024w, https:\/\/ing-buero-doehrer.de\/wp-content\/uploads\/2024\/03\/Schuettelnder-Hund-300x200.jpg 300w, https:\/\/ing-buero-doehrer.de\/wp-content\/uploads\/2024\/03\/Schuettelnder-Hund-768x512.jpg 768w, https:\/\/ing-buero-doehrer.de\/wp-content\/uploads\/2024\/03\/Schuettelnder-Hund-1536x1024.jpg 1536w, https:\/\/ing-buero-doehrer.de\/wp-content\/uploads\/2024\/03\/Schuettelnder-Hund-2048x1365.jpg 2048w\" sizes=\"(max-width: 1024px) 100vw, 1024px\" \/><div class=\"wp-block-cover__inner-container is-layout-flow wp-block-cover-is-layout-flow\">\n<p class=\"has-small-font-size\"><\/p>\n<\/div><\/div>\n\n\n\n<p>Die Idee, dass man Schmutz von einem K\u00f6rper mit Hilfe von &#8222;Sch\u00fctteln&#8220; entfernen kann, kam mir bei einem Spaziergang mit meinem Hund Arthus, der das Wasser nach einem Bad absch\u00fcttelt.<\/p>\n","protected":false},"excerpt":{"rendered":"<p>\u00d6le, K\u00fchlschmierstoffe, Sp\u00e4ne und sonstige Verunreinigungen von industriell gefertigten Teilen werden h\u00e4ufig immer noch mit chemischen Reingiungsmitteln gewaschen oder mit Pressluft abgeblasen. Diese, aber auch andere alternative Verfahren, erfordern einen sehr hohen Einsatz von Energie, Wasser, L\u00f6sungsmitteln und Filtereinrichtungen und verursachen eine hohe Umweltbelastung. Mit Hilfe von Schwingungen in einem vorbestimmten Frequenzbereich werden die Anhaftungskr\u00e4fte<\/p><\/div>\n<div class=\"blog-btn\"><a href=\"https:\/\/ing-buero-doehrer.de\/?page_id=245\" class=\"home-blog-btn\">Weiterlesen<\/a><\/p>\n","protected":false},"author":2,"featured_media":0,"parent":0,"menu_order":0,"comment_status":"closed","ping_status":"closed","template":"","meta":{"footnotes":""},"_links":{"self":[{"href":"https:\/\/ing-buero-doehrer.de\/index.php?rest_route=\/wp\/v2\/pages\/245"}],"collection":[{"href":"https:\/\/ing-buero-doehrer.de\/index.php?rest_route=\/wp\/v2\/pages"}],"about":[{"href":"https:\/\/ing-buero-doehrer.de\/index.php?rest_route=\/wp\/v2\/types\/page"}],"author":[{"embeddable":true,"href":"https:\/\/ing-buero-doehrer.de\/index.php?rest_route=\/wp\/v2\/users\/2"}],"replies":[{"embeddable":true,"href":"https:\/\/ing-buero-doehrer.de\/index.php?rest_route=%2Fwp%2Fv2%2Fcomments&post=245"}],"version-history":[{"count":9,"href":"https:\/\/ing-buero-doehrer.de\/index.php?rest_route=\/wp\/v2\/pages\/245\/revisions"}],"predecessor-version":[{"id":262,"href":"https:\/\/ing-buero-doehrer.de\/index.php?rest_route=\/wp\/v2\/pages\/245\/revisions\/262"}],"wp:attachment":[{"href":"https:\/\/ing-buero-doehrer.de\/index.php?rest_route=%2Fwp%2Fv2%2Fmedia&parent=245"}],"curies":[{"name":"wp","href":"https:\/\/api.w.org\/{rel}","templated":true}]}}